{"id":3793,"date":"2023-05-10T15:16:45","date_gmt":"2023-05-10T15:16:45","guid":{"rendered":"https:\/\/orizzontiverticali.to.it\/?post_type=product&#038;p=3793"},"modified":"2023-05-12T15:01:24","modified_gmt":"2023-05-12T15:01:24","slug":"rock-experience-giacca-imbottita-abysse","status":"publish","type":"product","link":"https:\/\/orizzontiverticali.to.it\/index.php\/prodotto\/rock-experience-giacca-imbottita-abysse\/","title":{"rendered":"Rock Experience Giacca Imbottita Abysse"},"content":{"rendered":"<p><strong>Abysse Paddes Jkt<\/strong>\u00a0\u00e8 una giacca con imbottitura\u00a0<strong>AQA WOOL<\/strong>, una lana molto sottile e morbida che trattiene il calore ed assorbe pi\u00f9 umidit\u00e0 lasciando asciutto il corpo. Le sue fibre sono pi\u00f9 sottili e a parit\u00e0 di peso, il prodotto contiene pi\u00f9 filamenti, conferendo quindi al capo un grande potere termico. Il trattamento Water Repellent lascia scivolare via l\u2019acqua dal tessuto esterno senza compromettere la traspirabilit\u00e0. In un\u2019ottica sempre pi\u00f9 eco-friendly, <strong>Abysse Paddes Jkt<\/strong>\u00a0 \u00e8 un capo\u00a0<strong>PFC-free,\u00a0<\/strong>che evita l\u2019utilizzo di sostanze inquinanti e pericolose per l\u2019uomo e per l\u2019ambiente garantendo comunque alti standard di idrorepellenza grazie a trattamenti alternativi. Il tessuto esterno in RipStop 3 Righe \u00e8 molto resistente nel tempo alle abrasioni, il cappuccio aderente si adatta in maniera ottimale al volto e presenta una visiera protettiva. Sono presenti due comode tasche per le mani e una tasca a petto. Polsini in tessuto scuba elastico, comodo e resistente.<\/p>\n","protected":false},"excerpt":{"rendered":"<p>Piumino in lana sottile, un capo leggero e resistente dal grande potere termico.<\/p>\n","protected":false},"featured_media":3794,"template":"","meta":{"inline_featured_image":false},"product_cat":[151,200,43,80,182,163,55,112,142,59,127,75],"product_tag":[334,336,335,337],"class_list":["post-3793","product","type-product","status-publish","has-post-thumbnail","hentry","product_cat-abbigliamento","product_cat-abbigliamento-uomo","product_cat-alpinismo","product_cat-alpinismo-abbigliamento","product_cat-alpinismo-abbigliamento-uomo","product_cat-piumini","product_cat-scialpinismo","product_cat-scialpinismo-abbigliamento","product_cat-travel-e-tempo-libero-abbigliamento","product_cat-trekking","product_cat-trekking-abbigliamento","product_cat-uomo","product_tag-giacca-in-lana","product_tag-lana","product_tag-piumino-caldo","product_tag-wool"],"_links":{"self":[{"href":"https:\/\/orizzontiverticali.to.it\/index.php\/wp-json\/wp\/v2\/product\/3793","targetHints":{"allow":["GET"]}}],"collection":[{"href":"https:\/\/orizzontiverticali.to.it\/index.php\/wp-json\/wp\/v2\/product"}],"about":[{"href":"https:\/\/orizzontiverticali.to.it\/index.php\/wp-json\/wp\/v2\/types\/product"}],"wp:featuredmedia":[{"embeddable":true,"href":"https:\/\/orizzontiverticali.to.it\/index.php\/wp-json\/wp\/v2\/media\/3794"}],"wp:attachment":[{"href":"https:\/\/orizzontiverticali.to.it\/index.php\/wp-json\/wp\/v2\/media?parent=3793"}],"wp:term":[{"taxonomy":"product_cat","embeddable":true,"href":"https:\/\/orizzontiverticali.to.it\/index.php\/wp-json\/wp\/v2\/product_cat?post=3793"},{"taxonomy":"product_tag","embeddable":true,"href":"https:\/\/orizzontiverticali.to.it\/index.php\/wp-json\/wp\/v2\/product_tag?post=3793"}],"curies":[{"name":"wp","href":"https:\/\/api.w.org\/{rel}","templated":true}]}}