{"id":3784,"date":"2023-05-10T14:47:24","date_gmt":"2023-05-10T14:47:24","guid":{"rendered":"https:\/\/orizzontiverticali.to.it\/?post_type=product&#038;p=3784"},"modified":"2023-05-10T15:00:25","modified_gmt":"2023-05-10T15:00:25","slug":"scarpa-rapid-gtx-woman","status":"publish","type":"product","link":"https:\/\/orizzontiverticali.to.it\/index.php\/prodotto\/scarpa-rapid-gtx-woman\/","title":{"rendered":"Scarpa Rapid GTX Woman"},"content":{"rendered":"<div class=\"vertical_intro_wrapper\">\n<div class=\"vertical_intro\">\n<div class=\"vertical_title scarpa\">CARATTERISTICHE<\/div>\n<\/div>\n<\/div>\n<div class=\"vertical_side_content\">\n<div class=\"product_features\">\n<div class=\"row d-block d-sm-block d-md-block d-lg-flex align-items-stretch\">\n<div class=\"col-12 col-sm-12 co-md-12 col-lg-6\">\n<div class=\"feature_wrapper\">\n<div class=\"feature_title\" data-lang=\"attribute_tomaia\">TOMAIA<\/div>\n<p>La tomaia presenta un tessuto tecnico impermeabile e resistente all\u2019abrasione con gabbia esterna in TPU film termosaldato di sostegno laterale e un mesh sul collarino e linguetta anti pressione\/urto per garantire durata e protezione nelle aree pi\u00f9 sensibili. Integra un puntalino protettivo asimmetrico in spray rubber technology anti-urto. La calzata risulta precisa e avvolgente soprattutto nell\u2019area del tallone e collo piede, grazie anche alla tecnologia GORE-TEX Invisible Fit che risulta leggera e perfettamente integrata alla tomaia, eliminando grinze, rumore, e riducendo i punti di pressione.<\/p><\/div>\n<\/div>\n<div class=\"col-12 col-sm-12 co-md-12 col-lg-6\">\n<div class=\"feature_wrapper\">\n<div class=\"feature_title\" data-lang=\"attribute_lacing\">ALLACCIATURA<\/div>\n<p>Nuova allacciatura interna e protetta integrata alla tomaia.<\/p><\/div>\n<\/div>\n<\/div>\n<div class=\"row d-block d-sm-block d-md-block d-lg-flex align-items-stretch\">\n<div class=\"col-12 col-sm-12 co-md-12 col-lg-6\">\n<div class=\"feature_wrapper\">\n<div class=\"feature_title\" data-lang=\"attribute_fodera\">FODERA<\/div>\n<p>GORE-TEX Invisible Fit per una calzatura impermeabile senza per\u00f2 comprometterne vestibilit\u00e0, flessibilit\u00e0 e peso. Saldata direttamente alla tomaia, \u00e8 progettata per essere praticamente invisibile, creando una sensazione di massimo comfort.<\/p><\/div>\n<\/div>\n<div class=\"col-12 col-sm-12 co-md-12 col-lg-6\">\n<div class=\"feature_wrapper\">\n<div class=\"feature_title\" data-lang=\"attribute_suola\">SUOLA<\/div>\n<p>La suola Agility presenta un&#8217;intersuola in EVA con densit\u00e0 differenziate per attutire gli impatti e aumentare il comfort. La stabilit\u00e0 viene supportata da un inserto in TPU collocato nella zona mediale. Mentre nell\u2019avampiede \u00e8 stato inserito il Dynamic Protection System (DPS) per una funzione di propulsione e reattivit\u00e0. Battistrada in mescola VIBRAM\u00ae Megagrip con climbing zone.<\/p><\/div>\n<\/div>\n<\/div>\n<\/div>\n<\/div>\n","protected":false},"excerpt":{"rendered":"<p>La scarpa da avvicinamento donna progettata per muoversi velocemente su terreni montani e per mantenere il piede asciutto anche in caso di pioggia. Ideale per trail tecnici, in fase di avvicinamento alla parete da scalare, facile da attaccare all\u2019imbrago e prestante nelle discese ripide e veloci.<\/p>\n","protected":false},"featured_media":3785,"template":"","meta":{"inline_featured_image":false},"product_cat":[170,176,201,197,203,126,76,174,171,59],"product_tag":[332,57,64],"class_list":["post-3784","product","type-product","status-publish","has-post-thumbnail","hentry","product_cat-avvicinamento","product_cat-calzature","product_cat-calzature-avvicinamento","product_cat-calzature-donna","product_cat-calzature-escursionismo","product_cat-calzature-trekking","product_cat-donna","product_cat-donna-calzature","product_cat-escursionismo","product_cat-trekking","product_tag-avvicinamento-veloce","product_tag-escursionismo","product_tag-trekking"],"_links":{"self":[{"href":"https:\/\/orizzontiverticali.to.it\/index.php\/wp-json\/wp\/v2\/product\/3784","targetHints":{"allow":["GET"]}}],"collection":[{"href":"https:\/\/orizzontiverticali.to.it\/index.php\/wp-json\/wp\/v2\/product"}],"about":[{"href":"https:\/\/orizzontiverticali.to.it\/index.php\/wp-json\/wp\/v2\/types\/product"}],"wp:featuredmedia":[{"embeddable":true,"href":"https:\/\/orizzontiverticali.to.it\/index.php\/wp-json\/wp\/v2\/media\/3785"}],"wp:attachment":[{"href":"https:\/\/orizzontiverticali.to.it\/index.php\/wp-json\/wp\/v2\/media?parent=3784"}],"wp:term":[{"taxonomy":"product_cat","embeddable":true,"href":"https:\/\/orizzontiverticali.to.it\/index.php\/wp-json\/wp\/v2\/product_cat?post=3784"},{"taxonomy":"product_tag","embeddable":true,"href":"https:\/\/orizzontiverticali.to.it\/index.php\/wp-json\/wp\/v2\/product_tag?post=3784"}],"curies":[{"name":"wp","href":"https:\/\/api.w.org\/{rel}","templated":true}]}}