{"id":3764,"date":"2023-05-10T14:15:06","date_gmt":"2023-05-10T14:15:06","guid":{"rendered":"https:\/\/orizzontiverticali.to.it\/?post_type=product&#038;p=3764"},"modified":"2023-05-10T14:20:36","modified_gmt":"2023-05-10T14:20:36","slug":"scarpa-mescalito-gtx","status":"publish","type":"product","link":"https:\/\/orizzontiverticali.to.it\/index.php\/prodotto\/scarpa-mescalito-gtx\/","title":{"rendered":"Scarpa Mescalito GTX"},"content":{"rendered":"<div class=\"row d-block d-sm-block d-md-block d-lg-flex align-items-stretch\">\n<div class=\"col-12 col-sm-12 co-md-12 col-lg-6\">\n<div class=\"feature_wrapper\">\n<div class=\"feature_title\" data-lang=\"attribute_tomaia\">TOMAIA<\/div>\n<p>Realizzata in pelle scamosciata idrorepellente con lingua e collarino in materiale elastico per maggior comfort. A suo supporto e protezione un TPU Tech leggero che permette anche il contenimento del tallone. Puntale in gomma asimmetrico a vasta protezione nella parte interna.<\/p><\/div>\n<\/div>\n<div class=\"col-12 col-sm-12 co-md-12 col-lg-6\">\n<div class=\"feature_wrapper\">\n<div class=\"feature_title\" data-lang=\"attribute_lacing\">ALLACCIATURA<\/div>\n<p>Extended Lacing estesa fino in punta di derivazione climbing, per massima personalizzazione e comfort di calzata.<\/p><\/div>\n<\/div>\n<\/div>\n<div class=\"row d-block d-sm-block d-md-block d-lg-flex align-items-stretch\">\n<div class=\"col-12 col-sm-12 co-md-12 col-lg-6\">\n<div class=\"feature_wrapper\">\n<div class=\"feature_title\" data-lang=\"attribute_fodera\">FODERA<\/div>\n<p>GORE-TEX Extended Comfort per la massima impermeabilit\u00e0 e traspirabilit\u00e0.<\/p><\/div>\n<\/div>\n<div class=\"col-12 col-sm-12 co-md-12 col-lg-6\">\n<div class=\"feature_wrapper\">\n<div class=\"feature_title\" data-lang=\"attribute_intersuola\">INTERSUOLA<\/div>\n<p>In due densit\u00e0 di EVA, con un inserto ergonomico in TPU anti-torsione per maggior stabilit\u00e0. Precisione sugli appoggi e massima agilit\u00e0.<\/p><\/div>\n<\/div>\n<\/div>\n<div class=\"row d-block d-sm-block d-md-block d-lg-flex align-items-stretch\">\n<div class=\"col-12 col-sm-12 co-md-12 col-lg-6\">\n<div class=\"feature_wrapper\">\n<div class=\"feature_title\" data-lang=\"attribute_suola\">SUOLA<\/div>\n<p>Dynamis LB in Lite Base Technology Vibram\u00ae riduce il 30% del peso complessivo della suola grazie a una riduzione dello spessore del 50%, pur mantenendo la qualit\u00e0 Vibram\u00ae in termini di aderenza, trazione e durata.<\/p><\/div>\n<\/div>\n<\/div>\n","protected":false},"excerpt":{"rendered":"<p>MESCALITO GTX calzatura impermeabile da avvicinamento tecnico, vie ferrate ed escursioni su sentieri di montagna adatta anche alle giornate di pioggia. Calzatura resistente e impermeabile, studiata per massimizzare comfort e protezione del piede.<\/p>\n","protected":false},"featured_media":3765,"template":"","meta":{"inline_featured_image":false},"product_cat":[170,176,201,198,75],"product_tag":[328,327,329,326,322],"class_list":["post-3764","product","type-product","status-publish","has-post-thumbnail","hentry","product_cat-avvicinamento","product_cat-calzature","product_cat-calzature-avvicinamento","product_cat-calzature-uomo","product_cat-uomo","product_tag-arrampicata-facile","product_tag-avvicinamenti-tecnici","product_tag-avvicinamento","product_tag-escursioni-tecniche","product_tag-vie-ferrate"],"_links":{"self":[{"href":"https:\/\/orizzontiverticali.to.it\/index.php\/wp-json\/wp\/v2\/product\/3764","targetHints":{"allow":["GET"]}}],"collection":[{"href":"https:\/\/orizzontiverticali.to.it\/index.php\/wp-json\/wp\/v2\/product"}],"about":[{"href":"https:\/\/orizzontiverticali.to.it\/index.php\/wp-json\/wp\/v2\/types\/product"}],"wp:featuredmedia":[{"embeddable":true,"href":"https:\/\/orizzontiverticali.to.it\/index.php\/wp-json\/wp\/v2\/media\/3765"}],"wp:attachment":[{"href":"https:\/\/orizzontiverticali.to.it\/index.php\/wp-json\/wp\/v2\/media?parent=3764"}],"wp:term":[{"taxonomy":"product_cat","embeddable":true,"href":"https:\/\/orizzontiverticali.to.it\/index.php\/wp-json\/wp\/v2\/product_cat?post=3764"},{"taxonomy":"product_tag","embeddable":true,"href":"https:\/\/orizzontiverticali.to.it\/index.php\/wp-json\/wp\/v2\/product_tag?post=3764"}],"curies":[{"name":"wp","href":"https:\/\/api.w.org\/{rel}","templated":true}]}}