{"id":3744,"date":"2023-05-10T11:04:57","date_gmt":"2023-05-10T11:04:57","guid":{"rendered":"https:\/\/orizzontiverticali.to.it\/?post_type=product&#038;p=3744"},"modified":"2023-05-10T11:08:01","modified_gmt":"2023-05-10T11:08:01","slug":"scarpa-veloce-woman","status":"publish","type":"product","link":"https:\/\/orizzontiverticali.to.it\/index.php\/prodotto\/scarpa-veloce-woman\/","title":{"rendered":"Scarpa Veloce Woman"},"content":{"rendered":"<div class=\"row d-block d-sm-block d-md-block d-lg-flex align-items-stretch\">\n<div class=\"col-12 col-sm-12 co-md-12 col-lg-6\">\n<div class=\"feature_wrapper\">\n<div class=\"feature_title\" data-lang=\"attribute_tomaia\">TOMAIA<\/div>\n<p>In microfibra priva di cuciture a livello delle dita per un miglior comfort. Il doppio strap in Velcro e il soffietto elastico facilitano la calzata<\/p><\/div>\n<\/div>\n<div class=\"col-12 col-sm-12 co-md-12 col-lg-6\">\n<div class=\"feature_wrapper\">\n<div class=\"feature_title\" data-lang=\"attribute_tensione\">TENSIONAMENTO<\/div>\n<p>Il sistema di tensionamento differenziato fra interno ed esterno del piede, DTS (Differentiated Tension System) si adatta perfettamente alle dinamiche del piede in movimento e concentra la potenza sull\u2019alluce. Il tensionamento DTS funziona in combinazione con il nuovo sistema SRT minimalizzato e il sistema PAF nel tallone, ottenendo una tensione dinamica altamente elasticizzata. Questi sistemi di tensionamento aiutano anche a mantenere la forma originale della scarpa per un lungo periodo.<\/p><\/div>\n<\/div>\n<\/div>\n<div class=\"row d-block d-sm-block d-md-block d-lg-flex align-items-stretch\">\n<div class=\"col-12 col-sm-12 co-md-12 col-lg-6\">\n<div class=\"feature_wrapper\">\n<div class=\"feature_title\" data-lang=\"attribute_suola\">SUOLA<\/div>\n<p>Mezza suola 4mm S72, una gomma ad alta aderenza, morbida e plasmabile su qualsiasi superficie.<\/p><\/div>\n<\/div>\n<\/div>\n","protected":false},"excerpt":{"rendered":"<p><b>Comfort e sensibilit\u00e0<\/b><br \/>\nLa Veloce \u00e8 una scarpetta sviluppata appositamente per L&#8217;arrampicata in palestra. La forma \u00e8 leggermente arcuata e la zona esterna della punta \u00e8 allargata con spazio extra nella zona delle dita minori, riducendo la pressione in quest&#8217;area.<br \/>\nMade in Asolo (Italy).<\/p>\n<p><b>USE<\/b>\u00a0ARRAMPICATA INDOOR<\/p>\n","protected":false},"featured_media":3745,"template":"","meta":{"inline_featured_image":false},"product_cat":[56,96,176,202,197,76,174],"product_tag":[58,314,217,318,320,319],"class_list":["post-3744","product","type-product","status-publish","has-post-thumbnail","hentry","product_cat-arrampicata","product_cat-arrampicata-scarpette","product_cat-calzature","product_cat-calzature-arrampicata","product_cat-calzature-donna","product_cat-donna","product_cat-donna-calzature","product_tag-arrampicata","product_tag-indoor","product_tag-multipitch","product_tag-palestra","product_tag-scarpetta-donna","product_tag-scarpetta-indoor"],"_links":{"self":[{"href":"https:\/\/orizzontiverticali.to.it\/index.php\/wp-json\/wp\/v2\/product\/3744","targetHints":{"allow":["GET"]}}],"collection":[{"href":"https:\/\/orizzontiverticali.to.it\/index.php\/wp-json\/wp\/v2\/product"}],"about":[{"href":"https:\/\/orizzontiverticali.to.it\/index.php\/wp-json\/wp\/v2\/types\/product"}],"wp:featuredmedia":[{"embeddable":true,"href":"https:\/\/orizzontiverticali.to.it\/index.php\/wp-json\/wp\/v2\/media\/3745"}],"wp:attachment":[{"href":"https:\/\/orizzontiverticali.to.it\/index.php\/wp-json\/wp\/v2\/media?parent=3744"}],"wp:term":[{"taxonomy":"product_cat","embeddable":true,"href":"https:\/\/orizzontiverticali.to.it\/index.php\/wp-json\/wp\/v2\/product_cat?post=3744"},{"taxonomy":"product_tag","embeddable":true,"href":"https:\/\/orizzontiverticali.to.it\/index.php\/wp-json\/wp\/v2\/product_tag?post=3744"}],"curies":[{"name":"wp","href":"https:\/\/api.w.org\/{rel}","templated":true}]}}