{"id":3727,"date":"2023-05-10T10:26:03","date_gmt":"2023-05-10T10:26:03","guid":{"rendered":"https:\/\/orizzontiverticali.to.it\/?post_type=product&#038;p=3727"},"modified":"2023-05-10T10:46:36","modified_gmt":"2023-05-10T10:46:36","slug":"scarpa-quantix-sf","status":"publish","type":"product","link":"https:\/\/orizzontiverticali.to.it\/index.php\/prodotto\/scarpa-quantix-sf\/","title":{"rendered":"Scarpa Quantix SF"},"content":{"rendered":"<div class=\"row d-block d-sm-block d-md-block d-lg-flex align-items-stretch\">\n<div class=\"col-12 col-sm-12 co-md-12 col-lg-6\">\n<div class=\"feature_wrapper\">\n<div class=\"feature_title\" data-lang=\"attribute_tomaia\">TOMAIA<\/div>\n<p>Tomaia costituita da pi\u00f9 pannelli con la zona dell\u2019alluce in Alcantara che si estende fin sotto la pianta del piede e un pannello distinto sulle quattro dita senza cuciture per la migliore calzata possibile. Tessuto in microfibra morbido al tatto nel tallone per un fit come una seconda pelle.<\/p><\/div>\n<\/div>\n<div class=\"col-12 col-sm-12 co-md-12 col-lg-6\">\n<div class=\"feature_wrapper\">\n<div class=\"feature_title\" data-lang=\"attribute_intersuola\">INTERSUOLA<\/div>\n<p>Flexan da 1 mm su \u00be della lunghezza per un buon sostegno sugli spigoli.<\/p><\/div>\n<\/div>\n<\/div>\n<div class=\"row d-block d-sm-block d-md-block d-lg-flex align-items-stretch\">\n<div class=\"col-12 col-sm-12 co-md-12 col-lg-6\">\n<div class=\"feature_wrapper\">\n<div class=\"feature_title\" data-lang=\"attribute_tensione\">TENSIONAMENTO<\/div>\n<p>Il sistema SF funziona come una mano, avvolgendo il piede dal basso e tenendolo saldamente in posizione. \u00c8 costituito da un unico pezzo di gomma intorno alla zona della punta che d\u00e0 protezione e una tensione molto efficace. Il vantaggio dato da questo sistema \u00e8 che non ci sono interruzioni seguendo e adattandosi perfettamente alla dinamica dei movimenti del piede.<\/p><\/div>\n<div>\n<div class=\"feature_title\" data-lang=\"attribute_suola\">SUOLA<\/div>\n<p>Vibram\u00ae XS Grip 2 di spessore 3,5mm.<\/p><\/div>\n<\/div>\n<\/div>\n","protected":false},"excerpt":{"rendered":"<p>QUANTIX SF \u00e8 un innovativa scarpetta per l\u2019arrampicata di precisione. La tecnologia Single Frame sostiene il piede dal basso come una mano, consentendo un\u2019eccellente precisione mantenendo una flessibilit\u00e0 dinamica. Ha una forma neutra con una leggera inclinazione della zona delle dita verso il basso ed una posizione arcuata dell\u2019alluce medio\/alta, con un\u2019intersuola dinamica Flexan su \u00be della lunghezza per un\u2019eccellente tenuta su tutti gli stili di arrampicata.<br \/>\nMade in Asolo (Italy).<br \/>\n<b>USO<\/b>\u00a0SPORT CLIMBING, BOULDERING &amp; INDOOR CLIMBING<\/p>\n","protected":false},"featured_media":3728,"template":"","meta":{"inline_featured_image":false},"product_cat":[56,176,202,198,75],"product_tag":[58,310,313,314],"class_list":["post-3727","product","type-product","status-publish","has-post-thumbnail","hentry","product_cat-arrampicata","product_cat-calzature","product_cat-calzature-arrampicata","product_cat-calzature-uomo","product_cat-uomo","product_tag-arrampicata","product_tag-boulder","product_tag-falesia","product_tag-indoor"],"_links":{"self":[{"href":"https:\/\/orizzontiverticali.to.it\/index.php\/wp-json\/wp\/v2\/product\/3727","targetHints":{"allow":["GET"]}}],"collection":[{"href":"https:\/\/orizzontiverticali.to.it\/index.php\/wp-json\/wp\/v2\/product"}],"about":[{"href":"https:\/\/orizzontiverticali.to.it\/index.php\/wp-json\/wp\/v2\/types\/product"}],"wp:featuredmedia":[{"embeddable":true,"href":"https:\/\/orizzontiverticali.to.it\/index.php\/wp-json\/wp\/v2\/media\/3728"}],"wp:attachment":[{"href":"https:\/\/orizzontiverticali.to.it\/index.php\/wp-json\/wp\/v2\/media?parent=3727"}],"wp:term":[{"taxonomy":"product_cat","embeddable":true,"href":"https:\/\/orizzontiverticali.to.it\/index.php\/wp-json\/wp\/v2\/product_cat?post=3727"},{"taxonomy":"product_tag","embeddable":true,"href":"https:\/\/orizzontiverticali.to.it\/index.php\/wp-json\/wp\/v2\/product_tag?post=3727"}],"curies":[{"name":"wp","href":"https:\/\/api.w.org\/{rel}","templated":true}]}}