{"id":3708,"date":"2023-05-09T17:21:11","date_gmt":"2023-05-09T17:21:11","guid":{"rendered":"https:\/\/orizzontiverticali.to.it\/?post_type=product&#038;p=3708"},"modified":"2023-05-09T17:25:52","modified_gmt":"2023-05-09T17:25:52","slug":"scarpa-instinct-vs","status":"publish","type":"product","link":"https:\/\/orizzontiverticali.to.it\/index.php\/prodotto\/scarpa-instinct-vs\/","title":{"rendered":"Scarpa Instinct VS"},"content":{"rendered":"<div class=\"row d-block d-sm-block d-md-block d-lg-flex align-items-stretch\">\n<div class=\"col-12 col-sm-12 co-md-12 col-lg-6\">\n<div class=\"feature_wrapper\">\n<div class=\"feature_title\" data-lang=\"attribute_tomaia\">TOMAIA<\/div>\n<p>Interamente in microfibra, combina 6 pezzi per una calzata ottimale. La chiusura con un singolo strap in Velcro \u00e8 collegata alla fibbia in due punti della tomaia per una chiusura pi\u00f9 sicura.<\/p><\/div>\n<\/div>\n<div class=\"col-12 col-sm-12 co-md-12 col-lg-6\">\n<div class=\"feature_wrapper\">\n<div class=\"feature_title\" data-lang=\"attribute_intersuola\">INTERSUOLA<\/div>\n<p>L\u2019inserto in Flexan 1mm distribuisce la forza sul piede e permette eccellente flessibilit\u00e0 nella parte posteriore della scarpetta.<\/p><\/div>\n<\/div>\n<\/div>\n<div class=\"row d-block d-sm-block d-md-block d-lg-flex align-items-stretch\">\n<div class=\"col-12 col-sm-12 co-md-12 col-lg-6\">\n<div class=\"feature_wrapper\">\n<div class=\"feature_title\" data-lang=\"attribute_tensione\">TENSIONAMENTO<\/div>\n<p>Il Sistema Bi-Tension, grazie alla gomma che avvolge il piede lungo i due lati della scarpetta, garantisce supporto e flessibilit\u00e0.<\/p><\/div>\n<div>\n<div class=\"feature_title\" data-lang=\"attribute_suola\">SUOLA<\/div>\n<p>Suola Vibram\u00ae XS Edge di spessore 3,5mm e lunghezza 1\/2; tallone sagomato XS Grip 2 di spessore 2mm.<\/p><\/div>\n<\/div>\n<\/div>\n","protected":false},"excerpt":{"rendered":"<p><b>Precisione, hooking aggressivo<\/b><br \/>\nLa instinct vs \u00e8 stata sviluppata per scalatori esperti in cerca di precisione e sensibilit\u00e0 su terreni molto vari la forma \u00e8 poco asimmetrica, arcuata, con posizione dell&#8217;alluce medio arcuato.<br \/>\nMade in Asolo (Italy).<\/p>\n<p><b>USE<\/b>\u00a0SPORT CLIMBING E BOULDERING<\/p>\n","protected":false},"featured_media":3709,"template":"","meta":{"inline_featured_image":false},"product_cat":[56,96,176,202,198,75],"product_tag":[58,310,313,314,312],"class_list":["post-3708","product","type-product","status-publish","has-post-thumbnail","hentry","product_cat-arrampicata","product_cat-arrampicata-scarpette","product_cat-calzature","product_cat-calzature-arrampicata","product_cat-calzature-uomo","product_cat-uomo","product_tag-arrampicata","product_tag-boulder","product_tag-falesia","product_tag-indoor","product_tag-scarpette-arrampicata"],"_links":{"self":[{"href":"https:\/\/orizzontiverticali.to.it\/index.php\/wp-json\/wp\/v2\/product\/3708","targetHints":{"allow":["GET"]}}],"collection":[{"href":"https:\/\/orizzontiverticali.to.it\/index.php\/wp-json\/wp\/v2\/product"}],"about":[{"href":"https:\/\/orizzontiverticali.to.it\/index.php\/wp-json\/wp\/v2\/types\/product"}],"wp:featuredmedia":[{"embeddable":true,"href":"https:\/\/orizzontiverticali.to.it\/index.php\/wp-json\/wp\/v2\/media\/3709"}],"wp:attachment":[{"href":"https:\/\/orizzontiverticali.to.it\/index.php\/wp-json\/wp\/v2\/media?parent=3708"}],"wp:term":[{"taxonomy":"product_cat","embeddable":true,"href":"https:\/\/orizzontiverticali.to.it\/index.php\/wp-json\/wp\/v2\/product_cat?post=3708"},{"taxonomy":"product_tag","embeddable":true,"href":"https:\/\/orizzontiverticali.to.it\/index.php\/wp-json\/wp\/v2\/product_tag?post=3708"}],"curies":[{"name":"wp","href":"https:\/\/api.w.org\/{rel}","templated":true}]}}