{"id":3688,"date":"2023-05-09T16:43:42","date_gmt":"2023-05-09T16:43:42","guid":{"rendered":"https:\/\/orizzontiverticali.to.it\/?post_type=product&#038;p=3688"},"modified":"2023-05-09T16:48:31","modified_gmt":"2023-05-09T16:48:31","slug":"scarpa-boostic","status":"publish","type":"product","link":"https:\/\/orizzontiverticali.to.it\/index.php\/prodotto\/scarpa-boostic\/","title":{"rendered":"Scarpa Boostic"},"content":{"rendered":"<div class=\"vertical_intro_wrapper\">\n<div class=\"vertical_intro\">\n<div class=\"vertical_title scarpa\">CARATTERISTICHE<\/div>\n<\/div>\n<\/div>\n<div class=\"vertical_side_content\">\n<div class=\"product_features\">\n<div class=\"row d-block d-sm-block d-md-block d-lg-flex align-items-stretch\">\n<div class=\"col-12 col-sm-12 co-md-12 col-lg-6\">\n<div class=\"feature_wrapper\">\n<div class=\"feature_title\" data-lang=\"attribute_tomaia\">TOMAIA<\/div>\n<p>In microfibra multi-pannello combina un pannello in Alcantara che avvolge l\u2019alluce, per offrire ancora pi\u00f9 comfort. Il soffietto elasticizzato facilita l\u2019entrata del piede e il doppio strap in velcro assicura la presa, garantendo stabilit\u00e0 al piede.<\/p><\/div>\n<\/div>\n<div class=\"col-12 col-sm-12 co-md-12 col-lg-6\">\n<div class=\"feature_wrapper\">\n<div class=\"feature_title\" data-lang=\"attribute_intersuola\">INTERSUOLA<\/div>\n<p>Un inserto di 1mm in Flexan minimale e intelligentemente progettato per ottimizzare la sensibilit\u00e0.<\/p><\/div>\n<\/div>\n<\/div>\n<div class=\"row d-block d-sm-block d-md-block d-lg-flex align-items-stretch\">\n<div class=\"col-12 col-sm-12 co-md-12 col-lg-6\">\n<div class=\"feature_wrapper\">\n<div class=\"feature_title\" data-lang=\"attribute_tensione\">TENSIONAMENTO<\/div>\n<p>Il Sistema DTS &#8211; Differentiated Tension System si adatta perfettamente alla dinamica del piede in movimento. Questo sistema concentra la forza verso la zona dell\u2019alluce, senza interferire con la calzata. Questo aiuta a mantenere il piede in posizione ottimale per la distribuzione della potenza e precisione. Il Sistema PAF \u00e8 un innovativo metodo di costruzione del tallone che migliora la distribuzione della forza e riduce la pressione sul tendine d\u2019achille.<\/p><\/div>\n<div>SUOLA<br \/>\nVibram\u00ae 3.5mm XS Edge, intera per garantire supporto su tutto l\u2019arco plantare e assicurare stabilit\u00e0 e alte prestazioni anche sugli spigoli.<\/div>\n<\/div>\n<\/div>\n<\/div>\n<\/div>\n","protected":false},"excerpt":{"rendered":"<p><b>Precisione assoluta.<\/b><br \/>\nLa nuova BOOSTIC \u00e8 stata progettata per l&#8217;arrampicata tecnica, dove il continuo supporto sui micro-appoggi \u00e8 fondamentale. La forma asimmetrica e inarcata, con punta molto arcuata, \u00e8 combinata ad un inserto in flexan presagomato per ottenere il massimo della potenza in punta, anche sugli spigoli pi\u00f9 piccoli.<br \/>\nMade in Asolo (Italy).<\/p>\n<p><b>USO\u00a0<\/b>ARRAMPICATA DI PRECISIONE, FALESIA<\/p>\n","protected":false},"featured_media":3689,"template":"","meta":{"inline_featured_image":false},"product_cat":[56,96,176,202,197,198,76,174,75],"product_tag":[58,307,308],"class_list":["post-3688","product","type-product","status-publish","has-post-thumbnail","hentry","product_cat-arrampicata","product_cat-arrampicata-scarpette","product_cat-calzature","product_cat-calzature-arrampicata","product_cat-calzature-donna","product_cat-calzature-uomo","product_cat-donna","product_cat-donna-calzature","product_cat-uomo","product_tag-arrampicata","product_tag-arrampicata-di-precisione","product_tag-calzature-arrampicata"],"_links":{"self":[{"href":"https:\/\/orizzontiverticali.to.it\/index.php\/wp-json\/wp\/v2\/product\/3688","targetHints":{"allow":["GET"]}}],"collection":[{"href":"https:\/\/orizzontiverticali.to.it\/index.php\/wp-json\/wp\/v2\/product"}],"about":[{"href":"https:\/\/orizzontiverticali.to.it\/index.php\/wp-json\/wp\/v2\/types\/product"}],"wp:featuredmedia":[{"embeddable":true,"href":"https:\/\/orizzontiverticali.to.it\/index.php\/wp-json\/wp\/v2\/media\/3689"}],"wp:attachment":[{"href":"https:\/\/orizzontiverticali.to.it\/index.php\/wp-json\/wp\/v2\/media?parent=3688"}],"wp:term":[{"taxonomy":"product_cat","embeddable":true,"href":"https:\/\/orizzontiverticali.to.it\/index.php\/wp-json\/wp\/v2\/product_cat?post=3688"},{"taxonomy":"product_tag","embeddable":true,"href":"https:\/\/orizzontiverticali.to.it\/index.php\/wp-json\/wp\/v2\/product_tag?post=3688"}],"curies":[{"name":"wp","href":"https:\/\/api.w.org\/{rel}","templated":true}]}}