{"id":3619,"date":"2023-05-05T15:58:04","date_gmt":"2023-05-05T15:58:04","guid":{"rendered":"https:\/\/orizzontiverticali.to.it\/?post_type=product&#038;p=3619"},"modified":"2023-05-19T08:12:05","modified_gmt":"2023-05-19T08:12:05","slug":"camp-viti-da-ghiaccio-rocket","status":"publish","type":"product","link":"https:\/\/orizzontiverticali.to.it\/index.php\/prodotto\/camp-viti-da-ghiaccio-rocket\/","title":{"rendered":"Camp Viti da Ghiaccio Rocket"},"content":{"rendered":"<p>\u2022 Vite da ghiaccio di alto livello, ideale sia per alpinismo sia per cascate<br \/>\n\u2022 Costruzione leggera e robusta in acciaio al cromo-molibdeno<br \/>\n\u2022 Filettatura inversa per la miglior tenuta in tutti i tipi di ghiaccio<br \/>\n\u2022 Fresa frontale disegnata per garantire posizionamenti facili e veloci anche nel ghiaccio pi\u00f9 freddo e compatto<br \/>\n\u2022 Placchetta in acciaio piegata e in asse con la vite, per garantire un ottimale trasferimento del carico e un facile trasporto dell&#8217;attrezzo su entrambi i lati dell&#8217;imbragatura<br \/>\n\u2022 Pomelli di diversi colori per un&#8217;immediata identificazione della lunghezza<br \/>\n\u2022 Conforme alla norma EN 568<\/p>\n","protected":false},"excerpt":{"rendered":"<div class=\"productDetails\" data-v-91e7982e=\"\">\n<div class=\"productDetailsDescrizione\" data-v-91e7982e=\"\">\n<div class=\"div1200\" data-v-91e7982e=\"\">\n<div class=\"productDetailsDescrizioneText\" data-v-91e7982e=\"\">Rocket \u00e8 una vite da ghiaccio di alto livello pronta a soddisfare tutte le esigenze di ice climber e alpinisti sulle grandi vie in quota. Presenta una costruzione leggera e robusta, con tubo e placchetta in acciaio al cromo-molibdeno. La filettatura inversa garantisce un&#8217;ottima tenuta in ogni situazione mentre la fresa frontale \u00e8 disegnata per posizionamenti facili e veloci anche nel ghiaccio pi\u00f9 freddo e compatto. La placchetta \u00e8 piegata e in asse con la vite, assicurando un ottimale trasferimento del carico e un facile trasporto dell&#8217;attrezzo su entrambi i lati dell&#8217;imbragatura. I pomelli sono di diversi colori per un&#8217;immediata identificazione della lunghezza.<\/div>\n<div data-v-91e7982e=\"\">Disponibile nelle misure: 13cm; 16cm; 19cm; 22cm;<\/div>\n<\/div>\n<\/div>\n<\/div>\n<div class=\"productDetailsDownload\" data-v-91e7982e=\"\">\n<div class=\"div1200\" data-v-91e7982e=\"\">\n<h2 class=\"h2T\" data-v-91e7982e=\"\"><\/h2>\n<\/div>\n<\/div>\n","protected":false},"featured_media":3620,"template":"","meta":{"inline_featured_image":false},"product_cat":[43,81,186,84],"product_tag":[52,276,274,214,273,275,272,271],"class_list":["post-3619","product","type-product","status-publish","has-post-thumbnail","hentry","product_cat-alpinismo","product_cat-attrezzatura","product_cat-attrezzatura-alpinismo","product_cat-viti-e-chiodi","product_tag-alpinismo","product_tag-atrezzatura-alpinismo","product_tag-cascate-di-ghiaccio","product_tag-cascatismo","product_tag-chiodo-da-ghiaccio","product_tag-pareti-nord","product_tag-vite-da-alpinismo","product_tag-vite-da-ghiaccio"],"_links":{"self":[{"href":"https:\/\/orizzontiverticali.to.it\/index.php\/wp-json\/wp\/v2\/product\/3619","targetHints":{"allow":["GET"]}}],"collection":[{"href":"https:\/\/orizzontiverticali.to.it\/index.php\/wp-json\/wp\/v2\/product"}],"about":[{"href":"https:\/\/orizzontiverticali.to.it\/index.php\/wp-json\/wp\/v2\/types\/product"}],"wp:featuredmedia":[{"embeddable":true,"href":"https:\/\/orizzontiverticali.to.it\/index.php\/wp-json\/wp\/v2\/media\/3620"}],"wp:attachment":[{"href":"https:\/\/orizzontiverticali.to.it\/index.php\/wp-json\/wp\/v2\/media?parent=3619"}],"wp:term":[{"taxonomy":"product_cat","embeddable":true,"href":"https:\/\/orizzontiverticali.to.it\/index.php\/wp-json\/wp\/v2\/product_cat?post=3619"},{"taxonomy":"product_tag","embeddable":true,"href":"https:\/\/orizzontiverticali.to.it\/index.php\/wp-json\/wp\/v2\/product_tag?post=3619"}],"curies":[{"name":"wp","href":"https:\/\/api.w.org\/{rel}","templated":true}]}}