{"id":3479,"date":"2023-05-03T16:52:36","date_gmt":"2023-05-03T16:52:36","guid":{"rendered":"https:\/\/orizzontiverticali.to.it\/?post_type=product&#038;p=3479"},"modified":"2023-05-03T17:09:27","modified_gmt":"2023-05-03T17:09:27","slug":"f1-2","status":"publish","type":"product","link":"https:\/\/orizzontiverticali.to.it\/index.php\/prodotto\/f1-2\/","title":{"rendered":"Scarpa F1"},"content":{"rendered":"<p><b>Compatibilit\u00e0:<\/b>\u00a0attacchi TLT (Optimized Touring Pivot -6mm).<\/p>\n<p><b>Utilizzatore:<\/b>\u00a0tutti gli scialpinisti attenti al peso dell&#8217;attrezzatura per migliorare le loro prestazioni in salita, pur volendosi divertire anche in discesa.<\/p>\n<p><b>Plus:<\/b>\u00a0lo scarpone \u00e8 caratterizzato da un design accattivante, mantenendo le gi\u00e0 note caratteristiche di rigidit\u00e0 e mobilit\u00e0 della versione precedente. Made in Asolo (Italy).<\/p>\n<p>Peso: 1260g.<\/p>\n<p><span style=\"color: #000000; font-family: 'Noto Sans', sans-serif; font-size: 14px;\">Per ottenere il massimo dal tuo scarpone, r<\/span>accomandiamo di termoformare la scarpetta interna.<\/p>\n","protected":false},"excerpt":{"rendered":"<p>Punto di riferimento dello scialpinismo moderno. F1 \u00e8 caratterizzato da un design accattivante, oltre alle gi\u00e0 note caratteristiche di rigidit\u00e0 e mobilit\u00e0 dello scarpone . Dotato di una scarpetta thermoformabile intuition e del riflettore RECCO. Il nuovo lembo integrato sullo scafo permette un preciso e sicuro posizionamento della lingua.<\/p>\n","protected":false},"featured_media":3480,"template":"","meta":{"inline_featured_image":false},"product_cat":[176,204,198,55],"product_tag":[250,62,79],"class_list":["post-3479","product","type-product","status-publish","has-post-thumbnail","hentry","product_cat-calzature","product_cat-calzature-scialpinismo","product_cat-calzature-uomo","product_cat-scialpinismo","product_tag-scarpone","product_tag-scialpinismo","product_tag-uomo"],"_links":{"self":[{"href":"https:\/\/orizzontiverticali.to.it\/index.php\/wp-json\/wp\/v2\/product\/3479","targetHints":{"allow":["GET"]}}],"collection":[{"href":"https:\/\/orizzontiverticali.to.it\/index.php\/wp-json\/wp\/v2\/product"}],"about":[{"href":"https:\/\/orizzontiverticali.to.it\/index.php\/wp-json\/wp\/v2\/types\/product"}],"wp:featuredmedia":[{"embeddable":true,"href":"https:\/\/orizzontiverticali.to.it\/index.php\/wp-json\/wp\/v2\/media\/3480"}],"wp:attachment":[{"href":"https:\/\/orizzontiverticali.to.it\/index.php\/wp-json\/wp\/v2\/media?parent=3479"}],"wp:term":[{"taxonomy":"product_cat","embeddable":true,"href":"https:\/\/orizzontiverticali.to.it\/index.php\/wp-json\/wp\/v2\/product_cat?post=3479"},{"taxonomy":"product_tag","embeddable":true,"href":"https:\/\/orizzontiverticali.to.it\/index.php\/wp-json\/wp\/v2\/product_tag?post=3479"}],"curies":[{"name":"wp","href":"https:\/\/api.w.org\/{rel}","templated":true}]}}