{"id":2594,"date":"2023-04-21T16:15:13","date_gmt":"2023-04-21T16:15:13","guid":{"rendered":"https:\/\/orizzontiverticali.to.it\/?post_type=product&#038;p=2594"},"modified":"2023-07-05T09:13:44","modified_gmt":"2023-07-05T09:13:44","slug":"vite-ghiaccio-cassin-camp","status":"publish","type":"product","link":"https:\/\/orizzontiverticali.to.it\/index.php\/prodotto\/vite-ghiaccio-cassin-camp\/","title":{"rendered":"Cassin Vite ghiaccio"},"content":{"rendered":"<p>Rocket \u00e8 una vite da ghiaccio di alto livello pronta a soddisfare tutte le esigenze di ice climber e alpinisti sulle grandi vie in quota. Presenta una costruzione leggera e robusta, con tubo e placchetta in acciaio al cromo-molibdeno. La filettatura inversa garantisce un&#8217;ottima tenuta in ogni situazione mentre la fresa frontale \u00e8 disegnata per posizionamenti facili e veloci anche nel ghiaccio pi\u00f9 freddo e compatto. La placchetta \u00e8 piegata e in asse con la vite, assicurando un ottimale trasferimento del carico e un facile trasporto dell&#8217;attrezzo su entrambi i lati dell&#8217;imbragatura. I pomelli sono di diversi colori per un&#8217;immediata identificazione della lunghezza. Disponibile in 4 misure ( 13 \/ 16 \/ 19 e 22 cm)<\/p>\n","protected":false},"excerpt":{"rendered":"<p>\u2022 Vite da ghiaccio di alto livello, ideale sia per alpinismo sia per cascate<br \/>\n\u2022 Costruzione leggera e robusta in acciaio al cromo-molibdeno<br \/>\n\u2022 Filettatura inversa per la miglior tenuta in tutti i tipi di ghiaccio<br \/>\n\u2022 Fresa frontale disegnata per garantire posizionamenti facili e veloci anche nel ghiaccio pi\u00f9 freddo e compatto<br \/>\n\u2022 Placchetta in acciaio piegata e in asse con la vite, per garantire un ottimale trasferimento del carico e un facile trasporto dell&#8217;attrezzo su entrambi i lati dell&#8217;imbragatura<br \/>\n\u2022 Pomelli di diversi colori per un&#8217;immediata identificazione della lunghezza<br \/>\n\u2022 Conforme alla norma EN 568<\/p>\n","protected":false},"featured_media":2605,"template":"","meta":{"inline_featured_image":false},"product_cat":[43,81,186,84],"product_tag":[52,187,214],"class_list":["post-2594","product","type-product","status-publish","has-post-thumbnail","hentry","product_cat-alpinismo","product_cat-attrezzatura","product_cat-attrezzatura-alpinismo","product_cat-viti-e-chiodi","product_tag-alpinismo","product_tag-attrezzatura-alpinismo","product_tag-cascatismo"],"_links":{"self":[{"href":"https:\/\/orizzontiverticali.to.it\/index.php\/wp-json\/wp\/v2\/product\/2594","targetHints":{"allow":["GET"]}}],"collection":[{"href":"https:\/\/orizzontiverticali.to.it\/index.php\/wp-json\/wp\/v2\/product"}],"about":[{"href":"https:\/\/orizzontiverticali.to.it\/index.php\/wp-json\/wp\/v2\/types\/product"}],"wp:featuredmedia":[{"embeddable":true,"href":"https:\/\/orizzontiverticali.to.it\/index.php\/wp-json\/wp\/v2\/media\/2605"}],"wp:attachment":[{"href":"https:\/\/orizzontiverticali.to.it\/index.php\/wp-json\/wp\/v2\/media?parent=2594"}],"wp:term":[{"taxonomy":"product_cat","embeddable":true,"href":"https:\/\/orizzontiverticali.to.it\/index.php\/wp-json\/wp\/v2\/product_cat?post=2594"},{"taxonomy":"product_tag","embeddable":true,"href":"https:\/\/orizzontiverticali.to.it\/index.php\/wp-json\/wp\/v2\/product_tag?post=2594"}],"curies":[{"name":"wp","href":"https:\/\/api.w.org\/{rel}","templated":true}]}}