{"id":2255,"date":"2023-04-13T16:50:28","date_gmt":"2023-04-13T16:50:28","guid":{"rendered":"https:\/\/orizzontiverticali.to.it\/?post_type=product&#038;p=2255"},"modified":"2023-05-04T10:22:08","modified_gmt":"2023-05-04T10:22:08","slug":"vapor-s-scarpa","status":"publish","type":"product","link":"https:\/\/orizzontiverticali.to.it\/index.php\/prodotto\/vapor-s-scarpa\/","title":{"rendered":"Scarpa Vapor S uomo"},"content":{"rendered":"<h2 class=\"scarpa\">Scarpetta slipper per la falesia<\/h2>\n<p>VAPOR S \u00e8 il nuovo modello slipper della popolare famiglia VAPOR. Potente e flessibile, offre un\u2019ottima sensibilit\u00e0 e precisione sugli appoggi pi\u00f9 piccoli grazie alla gomma XS GRIP 2. L\u2019innovativo Nano Strap System garantisce una calzata istantanea e perfettamente regolabile per le diverse forme del piede. La posizione dell\u2019alluce leggermente arcuata si traduce in una scarpa ben bilanciata dalle ottime prestazioni.<br \/>\nMade in Asolo (Italy).<\/p>\n<p><b>USO<\/b>\u00a0ARRAMPICATA IN FALESIA E INDOOR<\/p>\n","protected":false},"excerpt":{"rendered":"<div class=\"right_row d-flex align-items-center\"><span class=\"scarpa group_label\">PESO <\/span><span class=\"group_content\"><span class=\"weight\">235g &#8211; Taglia\/Size 41<\/span><\/span><\/div>\n<div class=\"right_row d-flex align-items-center\"><span class=\"scarpa group_label\">ITEM <\/span><span class=\"group_content\"><span class=\"sku\">70078-001-1<\/span><\/span><\/div>\n<div class=\"right_row d-flex align-items-center\"><span class=\"scarpa group_label\">RANGE <\/span><span class=\"group_content\"><span class=\"sku\">34-46 \u00bd sizes<\/span><\/span><\/div>\n<div><\/div>\n<div>\n<div class=\"row d-block d-sm-block d-md-block d-lg-flex align-items-stretch\">\n<div class=\"col-12 col-sm-12 co-md-12 col-lg-6\">\n<div class=\"feature_wrapper\">\n<div class=\"feature_title\" data-lang=\"attribute_tomaia\">TOMAIA<\/div>\n<p>Combina diversi pezzi di microfibra con cuciture che non creano sovrapposizioni. Il soffietto elastico facilita la calzata.<\/p>\n<\/div>\n<div><\/div>\n<\/div>\n<div class=\"col-12 col-sm-12 co-md-12 col-lg-6\">\n<div class=\"feature_wrapper\">\n<div class=\"feature_title\" data-lang=\"attribute_lacing\">ALLACCIATURA<\/div>\n<p>Il nuovo Nano Strap system permette di personalizzare la calzata della scarpetta mediante 3 differenti modalit\u00e0 di chiusura. &#8220;Slipper mode&#8221; \u00e8 la modalit\u00e0 pi\u00f9 rilassata, &#8220;Fast mode&#8221; per una maggiore adesione al collo del piede, infine &#8220;Strong mode&#8221; per la massima chiusura alla caviglia.<\/p>\n<\/div>\n<div><\/div>\n<\/div>\n<\/div>\n<div class=\"row d-block d-sm-block d-md-block d-lg-flex align-items-stretch\">\n<div class=\"col-12 col-sm-12 co-md-12 col-lg-6\">\n<div class=\"feature_wrapper\">\n<div class=\"feature_title\" data-lang=\"attribute_intersuola\">INTERSUOLA<\/div>\n<p>Talyn 1mm, sulla totalit\u00e0 della lunghezza, distribuisce la forza lungo tutto il piede.<\/p>\n<\/div>\n<div><\/div>\n<\/div>\n<div class=\"col-12 col-sm-12 co-md-12 col-lg-6\">\n<div class=\"feature_wrapper\">\n<div class=\"feature_title\" data-lang=\"attribute_tensione\">TENSIONAMENTO<\/div>\n<p>Il Sistema Bi-Tension si estende dalla punta del piede all\u2019arco plantare per garantire grande flessibilit\u00e0 con la giusta tensione.<\/p>\n<\/div>\n<div><\/div>\n<\/div>\n<\/div>\n<div class=\"row d-block d-sm-block d-md-block d-lg-flex align-items-stretch\">\n<div class=\"col-12 col-sm-12 co-md-12 col-lg-6\">\n<div class=\"feature_wrapper\">\n<div class=\"feature_title\" data-lang=\"attribute_suola\">SUOLA<\/div>\n<p>Vibram\u00ae XS Grip 2 di spessore 3,5mm.<\/p>\n<\/div>\n<\/div>\n<\/div>\n<\/div>\n","protected":false},"featured_media":2256,"template":"","meta":{"inline_featured_image":false},"product_cat":[56,96,202],"product_tag":[58,146,79],"class_list":["post-2255","product","type-product","status-publish","has-post-thumbnail","hentry","product_cat-arrampicata","product_cat-arrampicata-scarpette","product_cat-calzature-arrampicata","product_tag-arrampicata","product_tag-scarpette","product_tag-uomo"],"_links":{"self":[{"href":"https:\/\/orizzontiverticali.to.it\/index.php\/wp-json\/wp\/v2\/product\/2255","targetHints":{"allow":["GET"]}}],"collection":[{"href":"https:\/\/orizzontiverticali.to.it\/index.php\/wp-json\/wp\/v2\/product"}],"about":[{"href":"https:\/\/orizzontiverticali.to.it\/index.php\/wp-json\/wp\/v2\/types\/product"}],"wp:featuredmedia":[{"embeddable":true,"href":"https:\/\/orizzontiverticali.to.it\/index.php\/wp-json\/wp\/v2\/media\/2256"}],"wp:attachment":[{"href":"https:\/\/orizzontiverticali.to.it\/index.php\/wp-json\/wp\/v2\/media?parent=2255"}],"wp:term":[{"taxonomy":"product_cat","embeddable":true,"href":"https:\/\/orizzontiverticali.to.it\/index.php\/wp-json\/wp\/v2\/product_cat?post=2255"},{"taxonomy":"product_tag","embeddable":true,"href":"https:\/\/orizzontiverticali.to.it\/index.php\/wp-json\/wp\/v2\/product_tag?post=2255"}],"curies":[{"name":"wp","href":"https:\/\/api.w.org\/{rel}","templated":true}]}}