{"id":2214,"date":"2023-04-12T20:40:21","date_gmt":"2023-04-12T20:40:21","guid":{"rendered":"https:\/\/orizzontiverticali.to.it\/?post_type=product&#038;p=2214"},"modified":"2023-06-17T13:59:46","modified_gmt":"2023-06-17T13:59:46","slug":"zaino-soelden-32","status":"publish","type":"product","link":"https:\/\/orizzontiverticali.to.it\/index.php\/prodotto\/zaino-soelden-32\/","title":{"rendered":"Osprey  Soelden 32 uomo"},"content":{"rendered":"<p>Soelden 32 M \u00e8 uno zaino tecnico durevole e leggero per il fuoripista che offre la vestibilit\u00e0 e la funzionalit\u00e0 migliori della categoria. I materiali esclusivi rendono questo zaino pi\u00f9 leggero per le ascese estenuanti, mentre la vestibilit\u00e0 accurata e stabile permette al corpo di muoversi dinamicamente durante le discese impegnative, facendoti risparmiare energia per i momenti in cui ne hai pi\u00f9 bisogno.<\/p>\n","protected":false},"excerpt":{"rendered":"<div class=\"product-description-attr\">\n<div class=\"product-description-attr\">\n<p>WEIGHT: 1.2KG<\/p>\n<\/div>\n<div class=\"product-description-attr\">\n<p>DIMENSIONI (CM) 54L \/ 31W \/ 28D<\/p>\n<\/div>\n<div class=\"product-description-attr\">\n<p>TESSUTO PRINCIPALE 210D HIGH TENACITY NYLON SHADOWBOX<\/p>\n<p>&nbsp;<\/p>\n<p><strong>SPECIFICHE E MANUALE D&#8217;USO<\/strong><\/p>\n<p><strong>Weight:\u00a0<\/strong>1.2 kg<\/p>\n<p><strong>Dimensions (CM):\u00a0<\/strong>54L \/ 31W \/ 28D<\/p>\n<p><strong>Fabric:\u00a0<\/strong>210D High Tenacity Nylon Shadowbox<\/p>\n<p><strong>Volume:\u00a0<\/strong>32L<\/p>\n<p class=\"feature-title\"><strong>Caratteristiche<\/strong><\/p>\n<ul class=\"feature-list\">\n<li class=\"feature-item\">Tasche antigraffio con zip per occhiali da sole e dispositivi elettronici<\/li>\n<li class=\"feature-item\">Accesso al comparto principale dallo schienale<\/li>\n<li class=\"feature-item\">Porta-sci diagonale e laterale<\/li>\n<li class=\"feature-item\">Fibbie utilizzabili con i guanti<\/li>\n<li class=\"feature-item\">Manici<\/li>\n<li class=\"feature-item\">Tasca interna per l&#8217;idratazione<\/li>\n<li class=\"feature-item\">Clip interna per attacco delle chiavi<\/li>\n<li class=\"feature-item\">Porta-snowboard verticale e orizzontale sullo schienale<\/li>\n<li class=\"feature-item\">Cinghia sullo sterno con fischietto d&#8217;emergenza<\/li>\n<li class=\"feature-item\">Cinghie di compressione laterale<\/li>\n<li class=\"feature-item\">Vano integrato per casco da sci\/scalata<\/li>\n<li class=\"feature-item\">Compatibile con il serbatoio Hydraulics\u2122<\/li>\n<li class=\"feature-item\">Schienale in schiuma fustellata<\/li>\n<li class=\"feature-item\">Tasca interna per borraccia<\/li>\n<li class=\"feature-item\">Radio pouch inside main compartment<\/li>\n<li class=\"feature-item\">Cintura in vita imbottita<\/li>\n<\/ul>\n<\/div>\n<\/div>\n","protected":false},"featured_media":4571,"template":"","meta":{"inline_featured_image":false},"product_cat":[55,120,75,175,195],"product_tag":[62,79,148],"class_list":["post-2214","product","type-product","status-publish","has-post-thumbnail","hentry","product_cat-scialpinismo","product_cat-scialpinismo-zaini","product_cat-uomo","product_cat-zaini","product_cat-zaini-uomo","product_tag-scialpinismo","product_tag-uomo","product_tag-zaini"],"_links":{"self":[{"href":"https:\/\/orizzontiverticali.to.it\/index.php\/wp-json\/wp\/v2\/product\/2214","targetHints":{"allow":["GET"]}}],"collection":[{"href":"https:\/\/orizzontiverticali.to.it\/index.php\/wp-json\/wp\/v2\/product"}],"about":[{"href":"https:\/\/orizzontiverticali.to.it\/index.php\/wp-json\/wp\/v2\/types\/product"}],"wp:featuredmedia":[{"embeddable":true,"href":"https:\/\/orizzontiverticali.to.it\/index.php\/wp-json\/wp\/v2\/media\/4571"}],"wp:attachment":[{"href":"https:\/\/orizzontiverticali.to.it\/index.php\/wp-json\/wp\/v2\/media?parent=2214"}],"wp:term":[{"taxonomy":"product_cat","embeddable":true,"href":"https:\/\/orizzontiverticali.to.it\/index.php\/wp-json\/wp\/v2\/product_cat?post=2214"},{"taxonomy":"product_tag","embeddable":true,"href":"https:\/\/orizzontiverticali.to.it\/index.php\/wp-json\/wp\/v2\/product_tag?post=2214"}],"curies":[{"name":"wp","href":"https:\/\/api.w.org\/{rel}","templated":true}]}}